{"id":7,"date":"2024-02-27T23:05:03","date_gmt":"2024-02-27T22:05:03","guid":{"rendered":"https:\/\/mejora-construction.com\/?page_id=7"},"modified":"2024-02-27T23:05:03","modified_gmt":"2024-02-27T22:05:03","slug":"accueil","status":"publish","type":"page","link":"https:\/\/mejora-construction.com\/index.php\/accueil\/","title":{"rendered":"Accueil"},"content":{"rendered":"\n<div class=\"wp-block-group alignfull has-global-padding is-layout-constrained wp-block-group-is-layout-constrained\" style=\"padding-top:var(--wp--preset--spacing--50);padding-right:var(--wp--preset--spacing--50);padding-bottom:var(--wp--preset--spacing--50);padding-left:var(--wp--preset--spacing--50)\">\n<div class=\"wp-block-group has-global-padding is-layout-constrained wp-container-core-group-layout-1 wp-block-group-is-layout-constrained\">\n<h1 class=\"wp-block-heading has-text-align-center has-x-large-font-size\">Bienvenue !<\/h1>\n\n\n\n<div style=\"height:1.25rem\" aria-hidden=\"true\" class=\"wp-block-spacer\"><\/div>\n\n\n\n<p>Nous sommes ravis de vous accueillir sur notre site web.<\/p>\n\n\n\n<p><\/p>\n\n\n\n<p>Vous y trouverez les services propos\u00e9s par l&#8217;entreprise, des publications de nos r\u00e9alisations, une pr\u00e9sentation de l&#8217;entreprise et une interface de contact permettant d&#8217;entrer en communication avec nous.<\/p>\n\n\n\n<p><\/p>\n\n\n\n<p>Bonne navigation et \u00e0 bient\u00f4t !<\/p>\n\n\n\n<div style=\"height:1.25rem\" aria-hidden=\"true\" class=\"wp-block-spacer\"><\/div>\n\n\n\n<div class=\"wp-block-buttons is-content-justification-center is-layout-flex wp-container-core-buttons-layout-1 wp-block-buttons-is-layout-flex\">\n<div class=\"wp-block-button is-style-fill\"><a class=\"wp-block-button__link wp-element-button\">Nous contacter<\/a><\/div>\n<\/div>\n<\/div>\n\n\n\n<div style=\"height:var(--wp--preset--spacing--30)\" aria-hidden=\"true\" class=\"wp-block-spacer\"><\/div>\n\n\n<\/div>\n\n\n\n<div class=\"wp-block-group alignfull has-base-color has-contrast-background-color has-text-color has-background has-global-padding is-layout-constrained wp-block-group-is-layout-constrained\" style=\"margin-top:0;margin-bottom:0;padding-top:var(--wp--preset--spacing--60);padding-right:var(--wp--preset--spacing--60);padding-bottom:var(--wp--preset--spacing--60);padding-left:var(--wp--preset--spacing--60)\">\n<div class=\"wp-block-group has-global-padding is-layout-constrained wp-block-group-is-layout-constrained\">\n<p class=\"has-text-align-center has-base-color has-text-color has-heading-font-family has-x-large-font-size\" style=\"line-height:1.2\"> <\/p>\n\n\n\n<h2 class=\"wp-block-heading alignwide\" style=\"line-height:1.2\">Ce que disent nos clients<\/h2>\n\n\n\n<div class=\"wp-block-columns alignwide is-layout-flex wp-container-core-columns-layout-1 wp-block-columns-is-layout-flex\">\n<div class=\"wp-block-column is-layout-flow wp-block-column-is-layout-flow\">\n<p style=\"font-size:clamp(14px, 0.875rem + ((1vw - 3.2px) * 0.208), 16px);px\"><a href=\"https:\/\/www.google.com\/maps\/contrib\/115199134785564102380?hl=fr\"><strong>Johan Rothureau<\/strong><br><\/a><strong>Aspects positifs : <\/strong>Ponctualit\u00e9, Professionnalisme, Rapport qualit\u00e9-prix, R\u00e9activit\u00e9<\/p>\n\n\n\n<p style=\"font-size:clamp(14px, 0.875rem + ((1vw - 3.2px) * 0.208), 16px);px\">Je remercie l&#8217;entreprise Mejora Construction pour sa r\u00e9activit\u00e9, sa disponibilit\u00e9, son amabilit\u00e9. Cette entreprise propose des tarifs raisonnables. Je n&#8217;h\u00e9siterai pas \u00e0 la solliciter \u00e0 nouveau pour la suite des travaux.<\/p>\n\n\n\n<figure class=\"wp-block-jetpack-rating-star\" style=\"text-align:left\"><span>\u2605<\/span><span>\u2605<\/span><span>\u2605<\/span><span>\u2605<\/span><span>\u2605<\/span><\/figure>\n<\/div>\n\n\n\n<div class=\"wp-block-column is-layout-flow wp-block-column-is-layout-flow\">\n<p style=\"font-size:clamp(14px, 0.875rem + ((1vw - 3.2px) * 0.104), 15px);px\"><strong><a href=\"https:\/\/www.google.com\/maps\/contrib\/106123374018271920902?hl=fr\">Alexandre Duclouet<\/a><\/strong><br><strong>Aspects positifs :<\/strong> Professionnalisme, Qualit\u00e9<\/p>\n\n\n\n<p style=\"font-size:clamp(14px, 0.875rem + ((1vw - 3.2px) * 0.104), 15px);px\"><br>Mejora est une tr\u00e8s bonne entreprise de ma\u00e7onnerie, p\u00e9dagogue, agr\u00e9able et pro ! Je recommande<\/p>\n\n\n\n<figure class=\"wp-block-jetpack-rating-star margin-bottom-half\" style=\"text-align:left\"><span>\u2605<\/span><span>\u2605<\/span><span>\u2605<\/span><span>\u2605<\/span><span>\u2605<\/span><\/figure>\n<\/div>\n\n\n\n<div class=\"wp-block-column is-layout-flow wp-block-column-is-layout-flow\">\n<p style=\"font-size:clamp(14px, 0.875rem + ((1vw - 3.2px) * 0.208), 16px);px\"><a href=\"https:\/\/www.google.com\/maps\/contrib\/111597412187851819255?hl=fr\"><strong>Gaelle Ganay<\/strong><br><\/a><strong>Aspects positifs<\/strong> : Ponctualit\u00e9, Professionnalisme, Qualit\u00e9, Rapport qualit\u00e9-prix, R\u00e9activit\u00e9<\/p>\n\n\n\n<p style=\"font-size:clamp(14px, 0.875rem + ((1vw - 3.2px) * 0.208), 16px);px\"><br>Professionnels de qualit\u00e9 consciencieux et \u00e0 l \u00e9coute. Une entreprise de ma\u00e7onnerie digne de confiance , je recommande !<\/p>\n\n\n\n<figure class=\"wp-block-jetpack-rating-star margin-bottom-half\" style=\"text-align:left\"><span>\u2605<\/span><span>\u2605<\/span><span>\u2605<\/span><span>\u2605<\/span><span>\u2605<\/span><\/figure>\n<\/div>\n<\/div>\n\n\n\n<div style=\"height:var(--wp--preset--spacing--10)\" aria-hidden=\"true\" class=\"wp-block-spacer\"><\/div>\n<\/div>\n<\/div>\n\n\n\n<div class=\"wp-block-group alignfull has-global-padding is-layout-constrained wp-block-group-is-layout-constrained\" style=\"margin-top:0;margin-bottom:0;padding-top:var(--wp--preset--spacing--50);padding-right:var(--wp--preset--spacing--50);padding-bottom:var(--wp--preset--spacing--50);padding-left:var(--wp--preset--spacing--50)\"><\/div>\n","protected":false},"excerpt":{"rendered":"<p>Bienvenue ! Nous sommes ravis de vous accueillir sur notre site web. Vous y trouverez les services propos\u00e9s par l&#8217;entreprise, des publications de nos r\u00e9alisations, une pr\u00e9sentation de l&#8217;entreprise et une interface de contact permettant d&#8217;entrer en communication avec nous. Bonne navigation et \u00e0 bient\u00f4t !<\/p>\n","protected":false},"author":1,"featured_media":0,"parent":0,"menu_order":0,"comment_status":"closed","ping_status":"closed","template":"","meta":{"om_disable_all_campaigns":false,"_monsterinsights_skip_tracking":false,"_monsterinsights_sitenote_active":false,"_monsterinsights_sitenote_note":"","_monsterinsights_sitenote_category":0,"footnotes":""},"aioseo_notices":[],"_links":{"self":[{"href":"https:\/\/mejora-construction.com\/index.php\/wp-json\/wp\/v2\/pages\/7"}],"collection":[{"href":"https:\/\/mejora-construction.com\/index.php\/wp-json\/wp\/v2\/pages"}],"about":[{"href":"https:\/\/mejora-construction.com\/index.php\/wp-json\/wp\/v2\/types\/page"}],"author":[{"embeddable":true,"href":"https:\/\/mejora-construction.com\/index.php\/wp-json\/wp\/v2\/users\/1"}],"replies":[{"embeddable":true,"href":"https:\/\/mejora-construction.com\/index.php\/wp-json\/wp\/v2\/comments?post=7"}],"version-history":[{"count":2,"href":"https:\/\/mejora-construction.com\/index.php\/wp-json\/wp\/v2\/pages\/7\/revisions"}],"predecessor-version":[{"id":10,"href":"https:\/\/mejora-construction.com\/index.php\/wp-json\/wp\/v2\/pages\/7\/revisions\/10"}],"wp:attachment":[{"href":"https:\/\/mejora-construction.com\/index.php\/wp-json\/wp\/v2\/media?parent=7"}],"curies":[{"name":"wp","href":"https:\/\/api.w.org\/{rel}","templated":true}]}}