{"id":20,"date":"2024-02-27T23:24:12","date_gmt":"2024-02-27T22:24:12","guid":{"rendered":"https:\/\/mejora-construction.com\/?page_id=20"},"modified":"2024-05-07T21:23:27","modified_gmt":"2024-05-07T19:23:27","slug":"nos-prestations","status":"publish","type":"page","link":"https:\/\/mejora-construction.com\/index.php\/nos-prestations\/","title":{"rendered":"Nos prestations"},"content":{"rendered":"\n<div style=\"height:100px\" aria-hidden=\"true\" class=\"wp-block-spacer\"><\/div>\n\n\n\n<h1 class=\"wp-block-heading\">Ma\u00e7onnerie g\u00e9n\u00e9rale<\/h1>\n\n\n\n<div class=\"wp-block-media-text alignfull is-stacked-on-mobile\" style=\"grid-template-columns:23% auto\"><figure class=\"wp-block-media-text__media\"><img loading=\"lazy\" decoding=\"async\" width=\"1024\" height=\"683\" src=\"http:\/\/mejora-construction.com\/wp-content\/uploads\/2024\/03\/5d7055ff3d1a7.image_-1024x683.jpg\" alt=\"\" class=\"wp-image-31 size-full\" srcset=\"https:\/\/mejora-construction.com\/wp-content\/uploads\/2024\/03\/5d7055ff3d1a7.image_-1024x683.jpg 1024w, https:\/\/mejora-construction.com\/wp-content\/uploads\/2024\/03\/5d7055ff3d1a7.image_-300x200.jpg 300w, https:\/\/mejora-construction.com\/wp-content\/uploads\/2024\/03\/5d7055ff3d1a7.image_-768x512.jpg 768w, https:\/\/mejora-construction.com\/wp-content\/uploads\/2024\/03\/5d7055ff3d1a7.image_.jpg 1200w\" sizes=\"(max-width: 1024px) 100vw, 1024px\" \/><\/figure><div class=\"wp-block-media-text__content\">\n<ul>\n<li>Fondations: puits, massifs, longrines, semelles, radiers, etc&#8230;<\/li>\n\n\n\n<li>Murs de soubassement, sout\u00e8nements, surbots, murs d&#8217;\u00e9l\u00e9vation, acrot\u00e8res, Escaliers et rampes<\/li>\n\n\n\n<li>Dalles, pavages, planchers b\u00e9ton, planchers collaborants, balcons, chapes, chape all\u00e9g\u00e9es<\/li>\n\n\n\n<li>Ouverture de murs porteurs, \u00e9largissement d&#8217;acc\u00e8s, approfondissement de sous-sol, reprise d&#8217;\u00e9l\u00e9ments en sous-\u0153uvre<\/li>\n\n\n\n<li>Traitement de fissures (agrafes, coutures, renforts, projections, etc&#8230;)<\/li>\n\n\n\n<li>Cl\u00f4tures, piliers et seuils de portail<\/li>\n<\/ul>\n\n\n\n<div class=\"wp-block-buttons is-content-justification-center is-layout-flex wp-container-core-buttons-layout-1 wp-block-buttons-is-layout-flex\">\n<div class=\"wp-block-button\"><a class=\"wp-block-button__link has-background wp-element-button\" href=\"https:\/\/mejora-construction.com\/index.php\/contact\/\" style=\"background-color:#63d8d4\" rel=\"#\">Obtenir un devis<\/a><\/div>\n<\/div>\n<\/div><\/div>\n\n\n\n<hr class=\"wp-block-separator has-alpha-channel-opacity\"\/>\n\n\n\n<h1 class=\"wp-block-heading\">Terrassement<\/h1>\n\n\n\n<div class=\"wp-block-media-text alignfull has-media-on-the-right is-stacked-on-mobile\" style=\"grid-template-columns:auto 26%\"><div class=\"wp-block-media-text__content\">\n<ul>\n<li>D\u00e9molition<\/li>\n\n\n\n<li>Pr\u00e9paration de plateformes, structures de chauss\u00e9es et nivellement de terrains<\/li>\n\n\n\n<li>Terrassement pour piscine<\/li>\n\n\n\n<li>Drains et puisards<\/li>\n\n\n\n<li>Bassins, bassins d&#8217;infiltration, r\u00e9gulateur de d\u00e9bit et noues<\/li>\n<\/ul>\n\n\n\n<div class=\"wp-block-buttons is-content-justification-center is-layout-flex wp-container-core-buttons-layout-2 wp-block-buttons-is-layout-flex\">\n<div class=\"wp-block-button\"><a class=\"wp-block-button__link has-background wp-element-button\" href=\"https:\/\/mejora-construction.com\/index.php\/contact\/\" style=\"background-color:#63d8d4\" rel=\"#\">Obtenir un devis<\/a><\/div>\n\n\n\n<div class=\"wp-block-button\"><a class=\"wp-block-button__link has-background wp-element-button\" href=\"https:\/\/mejora-construction.com\/index.php\/contact\/\" style=\"background-color:#63d8d4\">Obtenir un devis<\/a><\/div>\n<\/div>\n<\/div><figure class=\"wp-block-media-text__media\"><img loading=\"lazy\" decoding=\"async\" width=\"1024\" height=\"768\" src=\"http:\/\/mejora-construction.com\/wp-content\/uploads\/2024\/05\/Pavage-gravillons-St-Branchs-37-1024x768.jpg\" alt=\"\" class=\"wp-image-47 size-full\" srcset=\"https:\/\/mejora-construction.com\/wp-content\/uploads\/2024\/05\/Pavage-gravillons-St-Branchs-37-1024x768.jpg 1024w, https:\/\/mejora-construction.com\/wp-content\/uploads\/2024\/05\/Pavage-gravillons-St-Branchs-37-300x225.jpg 300w, https:\/\/mejora-construction.com\/wp-content\/uploads\/2024\/05\/Pavage-gravillons-St-Branchs-37-768x576.jpg 768w, https:\/\/mejora-construction.com\/wp-content\/uploads\/2024\/05\/Pavage-gravillons-St-Branchs-37-1536x1152.jpg 1536w, https:\/\/mejora-construction.com\/wp-content\/uploads\/2024\/05\/Pavage-gravillons-St-Branchs-37-2048x1536.jpg 2048w\" sizes=\"(max-width: 1024px) 100vw, 1024px\" \/><\/figure><\/div>\n\n\n\n<hr class=\"wp-block-separator has-alpha-channel-opacity\"\/>\n\n\n\n<h1 class=\"wp-block-heading\">Voirie et R\u00e9seaux Divers<\/h1>\n\n\n\n<div class=\"wp-block-media-text alignfull is-stacked-on-mobile\" style=\"grid-template-columns:15% auto\"><figure class=\"wp-block-media-text__media\"><img loading=\"lazy\" decoding=\"async\" width=\"768\" height=\"1024\" src=\"http:\/\/mejora-construction.com\/wp-content\/uploads\/2024\/05\/Branchements-EP-AEP-et-elec-Gentilly-94-768x1024.jpg\" alt=\"\" class=\"wp-image-50 size-full\" srcset=\"https:\/\/mejora-construction.com\/wp-content\/uploads\/2024\/05\/Branchements-EP-AEP-et-elec-Gentilly-94-768x1024.jpg 768w, https:\/\/mejora-construction.com\/wp-content\/uploads\/2024\/05\/Branchements-EP-AEP-et-elec-Gentilly-94-225x300.jpg 225w, https:\/\/mejora-construction.com\/wp-content\/uploads\/2024\/05\/Branchements-EP-AEP-et-elec-Gentilly-94-1152x1536.jpg 1152w, https:\/\/mejora-construction.com\/wp-content\/uploads\/2024\/05\/Branchements-EP-AEP-et-elec-Gentilly-94-1536x2048.jpg 1536w, https:\/\/mejora-construction.com\/wp-content\/uploads\/2024\/05\/Branchements-EP-AEP-et-elec-Gentilly-94-scaled.jpg 1920w\" sizes=\"(max-width: 768px) 100vw, 768px\" \/><\/figure><div class=\"wp-block-media-text__content\">\n<ul>\n<li>Branchements de r\u00e9seaux enterr\u00e9s: Electricit\u00e9, T\u00e9l\u00e9com, Eau Potable, Eaux us\u00e9es, Eaux Pluviales, chauffage urbain<\/li>\n\n\n\n<li>R\u00e9habilitation de regards et d&#8217;installations enterr\u00e9es en b\u00e9ton arm\u00e9<\/li>\n\n\n\n<li>Assainissements Autonomes : micro stations, \u00e9pandages, filtres compacts etc&#8230;<\/li>\n\n\n\n<li>Cuves de r\u00e9tention sp\u00e9cifiques : Bacs d\u00e9shuileurs\/d\u00e9graisseurs, cuves carburants, cuve de r\u00e9tention eaux de pluie, <\/li>\n\n\n\n<li>Am\u00e9nagements ext\u00e9rieurs : Bordures, Pavages, Dallages, B\u00e9tons et Gravillons d\u00e9coratifs, et bien d&#8217;autres<\/li>\n<\/ul>\n<\/div><\/div>\n","protected":false},"excerpt":{"rendered":"<p>Ma\u00e7onnerie g\u00e9n\u00e9rale Terrassement Voirie et R\u00e9seaux Divers<\/p>\n","protected":false},"author":1,"featured_media":32,"parent":0,"menu_order":0,"comment_status":"closed","ping_status":"closed","template":"","meta":{"om_disable_all_campaigns":false,"_monsterinsights_skip_tracking":false,"_monsterinsights_sitenote_active":false,"_monsterinsights_sitenote_note":"","_monsterinsights_sitenote_category":0,"footnotes":""},"aioseo_notices":[],"_links":{"self":[{"href":"https:\/\/mejora-construction.com\/index.php\/wp-json\/wp\/v2\/pages\/20"}],"collection":[{"href":"https:\/\/mejora-construction.com\/index.php\/wp-json\/wp\/v2\/pages"}],"about":[{"href":"https:\/\/mejora-construction.com\/index.php\/wp-json\/wp\/v2\/types\/page"}],"author":[{"embeddable":true,"href":"https:\/\/mejora-construction.com\/index.php\/wp-json\/wp\/v2\/users\/1"}],"replies":[{"embeddable":true,"href":"https:\/\/mejora-construction.com\/index.php\/wp-json\/wp\/v2\/comments?post=20"}],"version-history":[{"count":7,"href":"https:\/\/mejora-construction.com\/index.php\/wp-json\/wp\/v2\/pages\/20\/revisions"}],"predecessor-version":[{"id":55,"href":"https:\/\/mejora-construction.com\/index.php\/wp-json\/wp\/v2\/pages\/20\/revisions\/55"}],"wp:featuredmedia":[{"embeddable":true,"href":"https:\/\/mejora-construction.com\/index.php\/wp-json\/wp\/v2\/media\/32"}],"wp:attachment":[{"href":"https:\/\/mejora-construction.com\/index.php\/wp-json\/wp\/v2\/media?parent=20"}],"curies":[{"name":"wp","href":"https:\/\/api.w.org\/{rel}","templated":true}]}}